{"id":2,"date":"2020-04-29T15:56:26","date_gmt":"2020-04-29T18:56:26","guid":{"rendered":"http:\/\/furrierliss.com.br\/?page_id=2"},"modified":"2023-04-12T14:25:34","modified_gmt":"2023-04-12T17:25:34","slug":"pagina-exemplo","status":"publish","type":"page","link":"http:\/\/furrierliss.com.br\/index.php\/pagina-exemplo\/","title":{"rendered":"P\u00e1gina de exemplo"},"content":{"rendered":"<p>Dubai has one of the biggest variety of escorts from different parts of the world. The city is a playground for sex tourist and if you have the money, you can find some very sexy ladies.The sex  <a href=\"https:\/\/dubaiescortstate.com\/\">escort in dubai<\/a> industry in Dubai is a lucrative business, allowing sex workers to make tens of thousands or even hundreds of thousands of euros. However, it is a highly dangerous industry, largely ignored by law enforcement.<\/p><p>A lot of the time, ny escorts are hired for a specific task or purpose. These tasks can include delivering groceries, <a href=\"https:\/\/nycescortmodels.com\/\">nyc escorts<\/a> picking up children from school or shopping for a woman&#8217;s birthday present.Typically, they are paid in advance for their services. They also receive small tips for the job done.<\/p>\n<p>Esta \u00e9 uma p\u00e1gina de exemplo. \u00c9 diferente de um post no blog porque ela permanecer\u00e1 em um lugar e aparecer\u00e1 na navega\u00e7\u00e3o do seu site na maioria dos temas. Muitas pessoas come\u00e7am com uma p\u00e1gina que as apresenta a poss\u00edveis visitantes do site. Ela pode dizer algo assim:<\/p>\n\n\n\n<blockquote class=\"wp-block-quote\"><p>Ol\u00e1! Eu sou um mensageiro de bicicleta durante o dia, ator aspirante \u00e0 noite, e este \u00e9 o meu site. Eu moro em S\u00e3o Paulo, tenho um grande cachorro chamado Rex e gosto de tomar caipirinha (e banhos de chuva).<\/p><\/blockquote>\n\n\n\n<p>&#8230;ou alguma coisa assim:<\/p>\n\n\n\n<blockquote class=\"wp-block-quote\"><p>A Companhia de Miniaturas XYZ foi fundada em 1971, e desde ent\u00e3o tem fornecido miniaturas de qualidade ao p\u00fablico. Localizada na cidade de Itu, a XYZ emprega mais de 2.000 pessoas e faz coisas grandiosas para a comunidade da cidade.<\/p><\/blockquote>\n\n\n\n<p>Como um novo usu\u00e1rio do WordPress, voc\u00ea deveria ir ao <a href=\"http:\/\/furrierliss.com.br\/wp-admin\/\">painel<\/a> para excluir essa p\u00e1gina e criar novas p\u00e1ginas para o seu conte\u00fado. Divirta-se!<\/p>\n","protected":false},"excerpt":{"rendered":"<p>Dubai has one of the biggest variety of escorts from different parts of the world. The city is a playground for sex tourist and if you have the money, you can find some very sexy ladies.The sex escort in dubai industry in Dubai is a lucrative business, allowing sex workers to make tens of thousands &hellip;<\/p>\n<p class=\"read-more\"> <a class=\"\" href=\"http:\/\/furrierliss.com.br\/index.php\/pagina-exemplo\/\"> <span class=\"screen-reader-text\">P\u00e1gina de exemplo<\/span> Read More &raquo;<\/a><\/p>\n","protected":false},"author":1,"featured_media":0,"parent":0,"menu_order":0,"comment_status":"closed","ping_status":"open","template":"","meta":[],"_links":{"self":[{"href":"http:\/\/furrierliss.com.br\/index.php\/wp-json\/wp\/v2\/pages\/2"}],"collection":[{"href":"http:\/\/furrierliss.com.br\/index.php\/wp-json\/wp\/v2\/pages"}],"about":[{"href":"http:\/\/furrierliss.com.br\/index.php\/wp-json\/wp\/v2\/types\/page"}],"author":[{"embeddable":true,"href":"http:\/\/furrierliss.com.br\/index.php\/wp-json\/wp\/v2\/users\/1"}],"replies":[{"embeddable":true,"href":"http:\/\/furrierliss.com.br\/index.php\/wp-json\/wp\/v2\/comments?post=2"}],"version-history":[{"count":3,"href":"http:\/\/furrierliss.com.br\/index.php\/wp-json\/wp\/v2\/pages\/2\/revisions"}],"predecessor-version":[{"id":3209,"href":"http:\/\/furrierliss.com.br\/index.php\/wp-json\/wp\/v2\/pages\/2\/revisions\/3209"}],"wp:attachment":[{"href":"http:\/\/furrierliss.com.br\/index.php\/wp-json\/wp\/v2\/media?parent=2"}],"curies":[{"name":"wp","href":"https:\/\/api.w.org\/{rel}","templated":true}]}}